{"id":24,"date":"2025-03-12T12:37:01","date_gmt":"2025-03-12T11:37:01","guid":{"rendered":"https:\/\/taxigama.com\/?page_id=24"},"modified":"2025-03-13T13:43:36","modified_gmt":"2025-03-13T12:43:36","slug":"accesibilidad","status":"publish","type":"page","link":"https:\/\/taxigama.com\/en\/accesibilidad\/","title":{"rendered":"Accessibility"},"content":{"rendered":"<p><strong>Actualizado 15\/03\/2023<\/strong><strong><\/strong><\/p>\n\n\n\n<p><strong>JOS\u00c9 GAMA LUIS se compromete en hacer accesible su sitio web de conformidad con el&nbsp;<\/strong><a href=\"https:\/\/www.boe.es\/diario_boe\/txt.php?id=BOE-A-2018-12699\"><strong>Real Decreto 1112\/2018<\/strong><\/a><strong>, sobre accesibilidad de los sitios webs y aplicaciones para dispositivos m\u00f3viles del sector p\u00fablico.<\/strong><\/p>\n\n\n\n<p>La presente declaraci\u00f3n de accesibilidad se aplica al sitio web a taxigama.com<\/p>\n\n\n\n<p><strong>SITUACI\u00d3N DE CUMPLIMIENTO<\/strong><\/p>\n\n\n\n<p>Este sitio web es parcialmente conforme con el&nbsp;<a href=\"https:\/\/www.boe.es\/diario_boe\/txt.php?id=BOE-A-2018-12699\">RD 1112\/2018<\/a>&nbsp;debido a la falta de conformidad de los aspectos que se indican a continuaci\u00f3n.<\/p>\n\n\n\n<p><strong>Contenido no accesible<\/strong><\/p>\n\n\n\n<p>El contenido que se recoge a continuaci\u00f3n no es accesible por lo siguiente:<\/p>\n\n\n\n<p><strong>Falta de conformidad con el RD 1112\/2018<\/strong><\/p>\n\n\n\n<ul class=\"wp-block-list\">\n<li>Se pueden encontrar im\u00e1genes sin que acompa\u00f1e texto explicativo.<\/li>\n\n\n\n<li>Se puede encontrar a\u00fan anidamientos incorrectos de etiquetas.<\/li>\n\n\n\n<li>Podr\u00edan existir fallos de edici\u00f3n en la p\u00e1gina web.<\/li>\n<\/ul>\n\n\n\n<p><strong>Carga desproporcionada<\/strong><\/p>\n\n\n\n<ul class=\"wp-block-list\">\n<li>No aplica.<\/li>\n<\/ul>\n\n\n\n<p><strong>El contenido no entra dentro del \u00e1mbito de la legislaci\u00f3n aplicable.<\/strong><\/p>\n\n\n\n<ul class=\"wp-block-list\">\n<li>Existen archivos ofim\u00e1ticos en PDF que no cumplan en su totalidad todos los requisitos de accesibilidad.<\/li>\n<\/ul>\n\n\n\n<p>La presente declaraci\u00f3n fue preparada el 15 de enero de 2023.<\/p>\n\n\n\n<p>El m\u00e9todo empleado para preparar la declaraci\u00f3n ha sido una autoevaluaci\u00f3n llevada a cabo por el equipo de accesibilidad.<\/p>\n\n\n\n<p>\u00daltima revisi\u00f3n de la declaraci\u00f3n: 12 de enero de 2023.<\/p>\n\n\n\n<p><strong>Observaciones y datos de contacto<\/strong><\/p>\n\n\n\n<p>Puede realizar comunicaciones sobre requisitos de accesibilidad (art\u00edculo 10.2.a) del RD 1112\/2018) como por ejemplo:<\/p>\n\n\n\n<ul class=\"wp-block-list\">\n<li>Informar sobre cualquier posible incumplimiento por parte de este sitio web.<\/li>\n\n\n\n<li>Transmitir otras dificultades de acceso al contenido.<\/li>\n\n\n\n<li>Formular cualquier otra consulta o sugerencia de mejora relativa a la accesibilidad del sitio web.<\/li>\n<\/ul>\n\n\n\n<p>A trav\u00e9s de nuestro buz\u00f3n de sugerencias <a href=\"mailto:taxigama@hotmail.com\"><strong>taxigama@hotmail.com<\/strong><\/a> Las comunicaciones ser\u00e1n recibidas y tratadas por el equipo de Accesibilidad.<\/p>","protected":false},"excerpt":{"rendered":"<p>Actualizado 15\/03\/2023 JOS\u00c9 GAMA LUIS se compromete en hacer accesible su sitio web de conformidad con el&nbsp;Real Decreto 1112\/2018, sobre accesibilidad de los sitios webs y aplicaciones para dispositivos m\u00f3viles del sector p\u00fablico. La presente declaraci\u00f3n de accesibilidad se aplica al sitio web a taxigama.com SITUACI\u00d3N DE CUMPLIMIENTO Este sitio web es parcialmente conforme con [&hellip;]<\/p>","protected":false},"author":1,"featured_media":0,"parent":0,"menu_order":0,"comment_status":"closed","ping_status":"closed","template":"","meta":{"_joinchat":[],"footnotes":""},"class_list":["post-24","page","type-page","status-publish","hentry"],"yoast_head":"<!-- This site is optimized with the Yoast SEO plugin v26.0 - https:\/\/yoast.com\/wordpress\/plugins\/seo\/ -->\n<title>Accesibilidad - Taxi Jos\u00e9 Gama Luis<\/title>\n<meta name=\"robots\" content=\"noindex, nofollow\" \/>\n<meta property=\"og:locale\" content=\"en_GB\" \/>\n<meta property=\"og:type\" content=\"article\" \/>\n<meta property=\"og:title\" content=\"Accesibilidad - Taxi Jos\u00e9 Gama Luis\" \/>\n<meta property=\"og:description\" content=\"Actualizado 15\/03\/2023 JOS\u00c9 GAMA LUIS se compromete en hacer accesible su sitio web de conformidad con el&nbsp;Real Decreto 1112\/2018, sobre accesibilidad de los sitios webs y aplicaciones para dispositivos m\u00f3viles del sector p\u00fablico. La presente declaraci\u00f3n de accesibilidad se aplica al sitio web a taxigama.com SITUACI\u00d3N DE CUMPLIMIENTO Este sitio web es parcialmente conforme con [&hellip;]\" \/>\n<meta property=\"og:url\" content=\"https:\/\/taxigama.com\/en\/accesibilidad\/\" \/>\n<meta property=\"og:site_name\" content=\"Taxi Jos\u00e9 Gama Luis\" \/>\n<meta property=\"article:publisher\" content=\"https:\/\/www.facebook.com\/people\/Taxi-Gama\/pfbid0MHq4fd3YJtcU7rNUoc4WPRoeL4gieEsWAPpce9geeA3mDPntDgjghamd7Zq3fRwHl\/?ref=xav_ig_profile_web\" \/>\n<meta property=\"article:modified_time\" content=\"2025-03-13T12:43:36+00:00\" \/>\n<meta name=\"twitter:card\" content=\"summary_large_image\" \/>\n<meta name=\"twitter:label1\" content=\"Estimated reading time\" \/>\n\t<meta name=\"twitter:data1\" content=\"2 minutes\" \/>\n<script type=\"application\/ld+json\" class=\"yoast-schema-graph\">{\"@context\":\"https:\/\/schema.org\",\"@graph\":[{\"@type\":\"WebPage\",\"@id\":\"https:\/\/taxigama.com\/accesibilidad\/\",\"url\":\"https:\/\/taxigama.com\/accesibilidad\/\",\"name\":\"Accesibilidad - Taxi Jos\u00e9 Gama Luis\",\"isPartOf\":{\"@id\":\"https:\/\/taxigama.com\/#website\"},\"datePublished\":\"2025-03-12T11:37:01+00:00\",\"dateModified\":\"2025-03-13T12:43:36+00:00\",\"breadcrumb\":{\"@id\":\"https:\/\/taxigama.com\/accesibilidad\/#breadcrumb\"},\"inLanguage\":\"en-GB\",\"potentialAction\":[{\"@type\":\"ReadAction\",\"target\":[\"https:\/\/taxigama.com\/accesibilidad\/\"]}]},{\"@type\":\"BreadcrumbList\",\"@id\":\"https:\/\/taxigama.com\/accesibilidad\/#breadcrumb\",\"itemListElement\":[{\"@type\":\"ListItem\",\"position\":1,\"name\":\"Portada\",\"item\":\"https:\/\/taxigama.com\/\"},{\"@type\":\"ListItem\",\"position\":2,\"name\":\"Accesibilidad\"}]},{\"@type\":\"WebSite\",\"@id\":\"https:\/\/taxigama.com\/#website\",\"url\":\"https:\/\/taxigama.com\/\",\"name\":\"Taxi Jos\u00e9 Gama Luis\",\"description\":\"Taxi Palencia\",\"publisher\":{\"@id\":\"https:\/\/taxigama.com\/#organization\"},\"potentialAction\":[{\"@type\":\"SearchAction\",\"target\":{\"@type\":\"EntryPoint\",\"urlTemplate\":\"https:\/\/taxigama.com\/?s={search_term_string}\"},\"query-input\":{\"@type\":\"PropertyValueSpecification\",\"valueRequired\":true,\"valueName\":\"search_term_string\"}}],\"inLanguage\":\"en-GB\"},{\"@type\":\"Organization\",\"@id\":\"https:\/\/taxigama.com\/#organization\",\"name\":\"Taxi Jos\u00e9 Gama Luis\",\"url\":\"https:\/\/taxigama.com\/\",\"logo\":{\"@type\":\"ImageObject\",\"inLanguage\":\"en-GB\",\"@id\":\"https:\/\/taxigama.com\/#\/schema\/logo\/image\/\",\"url\":\"https:\/\/taxigama.com\/wp-content\/uploads\/2025\/03\/taxi-gama.png\",\"contentUrl\":\"https:\/\/taxigama.com\/wp-content\/uploads\/2025\/03\/taxi-gama.png\",\"width\":2500,\"height\":1667,\"caption\":\"Taxi Jos\u00e9 Gama Luis\"},\"image\":{\"@id\":\"https:\/\/taxigama.com\/#\/schema\/logo\/image\/\"},\"sameAs\":[\"https:\/\/www.facebook.com\/people\/Taxi-Gama\/pfbid0MHq4fd3YJtcU7rNUoc4WPRoeL4gieEsWAPpce9geeA3mDPntDgjghamd7Zq3fRwHl\/?ref=xav_ig_profile_web\",\"https:\/\/api.whatsapp.com\/send\/?phone=34609459802&text&type=phone_number&app_absent=0\",\"https:\/\/www.instagram.com\/taxigama9\/\",\"https:\/\/www.tiktok.com\/@taxigamaguardo\"]}]}<\/script>\n<!-- \/ Yoast SEO plugin. -->","yoast_head_json":{"title":"Accesibilidad - Taxi Jos\u00e9 Gama Luis","robots":{"index":"noindex","follow":"nofollow"},"og_locale":"en_GB","og_type":"article","og_title":"Accesibilidad - Taxi Jos\u00e9 Gama Luis","og_description":"Actualizado 15\/03\/2023 JOS\u00c9 GAMA LUIS se compromete en hacer accesible su sitio web de conformidad con el&nbsp;Real Decreto 1112\/2018, sobre accesibilidad de los sitios webs y aplicaciones para dispositivos m\u00f3viles del sector p\u00fablico. La presente declaraci\u00f3n de accesibilidad se aplica al sitio web a taxigama.com SITUACI\u00d3N DE CUMPLIMIENTO Este sitio web es parcialmente conforme con [&hellip;]","og_url":"https:\/\/taxigama.com\/en\/accesibilidad\/","og_site_name":"Taxi Jos\u00e9 Gama Luis","article_publisher":"https:\/\/www.facebook.com\/people\/Taxi-Gama\/pfbid0MHq4fd3YJtcU7rNUoc4WPRoeL4gieEsWAPpce9geeA3mDPntDgjghamd7Zq3fRwHl\/?ref=xav_ig_profile_web","article_modified_time":"2025-03-13T12:43:36+00:00","twitter_card":"summary_large_image","twitter_misc":{"Estimated reading time":"2 minutes"},"schema":{"@context":"https:\/\/schema.org","@graph":[{"@type":"WebPage","@id":"https:\/\/taxigama.com\/accesibilidad\/","url":"https:\/\/taxigama.com\/accesibilidad\/","name":"Accesibilidad - Taxi Jos\u00e9 Gama Luis","isPartOf":{"@id":"https:\/\/taxigama.com\/#website"},"datePublished":"2025-03-12T11:37:01+00:00","dateModified":"2025-03-13T12:43:36+00:00","breadcrumb":{"@id":"https:\/\/taxigama.com\/accesibilidad\/#breadcrumb"},"inLanguage":"en-GB","potentialAction":[{"@type":"ReadAction","target":["https:\/\/taxigama.com\/accesibilidad\/"]}]},{"@type":"BreadcrumbList","@id":"https:\/\/taxigama.com\/accesibilidad\/#breadcrumb","itemListElement":[{"@type":"ListItem","position":1,"name":"Portada","item":"https:\/\/taxigama.com\/"},{"@type":"ListItem","position":2,"name":"Accesibilidad"}]},{"@type":"WebSite","@id":"https:\/\/taxigama.com\/#website","url":"https:\/\/taxigama.com\/","name":"Taxi Jos\u00e9 Gama Luis","description":"Taxi Palencia","publisher":{"@id":"https:\/\/taxigama.com\/#organization"},"potentialAction":[{"@type":"SearchAction","target":{"@type":"EntryPoint","urlTemplate":"https:\/\/taxigama.com\/?s={search_term_string}"},"query-input":{"@type":"PropertyValueSpecification","valueRequired":true,"valueName":"search_term_string"}}],"inLanguage":"en-GB"},{"@type":"Organization","@id":"https:\/\/taxigama.com\/#organization","name":"Taxi Jos\u00e9 Gama Luis","url":"https:\/\/taxigama.com\/","logo":{"@type":"ImageObject","inLanguage":"en-GB","@id":"https:\/\/taxigama.com\/#\/schema\/logo\/image\/","url":"https:\/\/taxigama.com\/wp-content\/uploads\/2025\/03\/taxi-gama.png","contentUrl":"https:\/\/taxigama.com\/wp-content\/uploads\/2025\/03\/taxi-gama.png","width":2500,"height":1667,"caption":"Taxi Jos\u00e9 Gama Luis"},"image":{"@id":"https:\/\/taxigama.com\/#\/schema\/logo\/image\/"},"sameAs":["https:\/\/www.facebook.com\/people\/Taxi-Gama\/pfbid0MHq4fd3YJtcU7rNUoc4WPRoeL4gieEsWAPpce9geeA3mDPntDgjghamd7Zq3fRwHl\/?ref=xav_ig_profile_web","https:\/\/api.whatsapp.com\/send\/?phone=34609459802&text&type=phone_number&app_absent=0","https:\/\/www.instagram.com\/taxigama9\/","https:\/\/www.tiktok.com\/@taxigamaguardo"]}]}},"_links":{"self":[{"href":"https:\/\/taxigama.com\/en\/wp-json\/wp\/v2\/pages\/24","targetHints":{"allow":["GET"]}}],"collection":[{"href":"https:\/\/taxigama.com\/en\/wp-json\/wp\/v2\/pages"}],"about":[{"href":"https:\/\/taxigama.com\/en\/wp-json\/wp\/v2\/types\/page"}],"author":[{"embeddable":true,"href":"https:\/\/taxigama.com\/en\/wp-json\/wp\/v2\/users\/1"}],"replies":[{"embeddable":true,"href":"https:\/\/taxigama.com\/en\/wp-json\/wp\/v2\/comments?post=24"}],"version-history":[{"count":0,"href":"https:\/\/taxigama.com\/en\/wp-json\/wp\/v2\/pages\/24\/revisions"}],"wp:attachment":[{"href":"https:\/\/taxigama.com\/en\/wp-json\/wp\/v2\/media?parent=24"}],"curies":[{"name":"wp","href":"https:\/\/api.w.org\/{rel}","templated":true}]}}