{"id":15,"date":"2025-03-12T12:36:30","date_gmt":"2025-03-12T11:36:30","guid":{"rendered":"https:\/\/taxigama.com\/?page_id=15"},"modified":"2025-09-26T15:33:01","modified_gmt":"2025-09-26T13:33:01","slug":"inicio","status":"publish","type":"page","link":"https:\/\/taxigama.com\/en\/","title":{"rendered":"Start"},"content":{"rendered":"<div data-elementor-type=\"wp-page\" data-elementor-id=\"15\" class=\"elementor elementor-15\" data-elementor-post-type=\"page\">\n\t\t\t\t<div class=\"elementor-element elementor-element-d769562 e-flex e-con-boxed e-con e-parent\" data-id=\"d769562\" data-element_type=\"container\" data-settings=\"{&quot;background_background&quot;:&quot;classic&quot;}\">\n\t\t\t\t\t<div class=\"e-con-inner\">\n\t\t<div class=\"elementor-element elementor-element-9a721d0 e-con-full e-flex e-con e-child\" data-id=\"9a721d0\" data-element_type=\"container\" data-settings=\"{&quot;background_background&quot;:&quot;classic&quot;}\">\n\t\t\t\t<div class=\"elementor-element elementor-element-3a4689e elementor-widget elementor-widget-heading\" data-id=\"3a4689e\" data-element_type=\"widget\" data-widget_type=\"heading.default\">\n\t\t\t\t\t<h1 class=\"elementor-heading-title elementor-size-default\">Taxi and Chauffeur Service in Guardo and surrounding areas<\/h1>\t\t\t\t<\/div>\n\t\t\t\t<\/div>\n\t\t<div class=\"elementor-element elementor-element-be06f5d e-con-full e-flex e-con e-child\" data-id=\"be06f5d\" data-element_type=\"container\" data-settings=\"{&quot;background_background&quot;:&quot;classic&quot;}\">\n\t\t\t\t<div class=\"elementor-element elementor-element-01639bc elementor-widget elementor-widget-heading\" data-id=\"01639bc\" data-element_type=\"widget\" data-widget_type=\"heading.default\">\n\t\t\t\t\t<p class=\"elementor-heading-title elementor-size-default\">Call us<\/p>\t\t\t\t<\/div>\n\t\t\t\t<div class=\"elementor-element elementor-element-19bf29d elementor-widget elementor-widget-heading\" data-id=\"19bf29d\" data-element_type=\"widget\" data-widget_type=\"heading.default\">\n\t\t\t\t\t<p class=\"elementor-heading-title elementor-size-default\">609 459 802<\/p>\t\t\t\t<\/div>\n\t\t\t\t<div class=\"elementor-element elementor-element-f6b1d4b elementor-widget elementor-widget-text-editor\" data-id=\"f6b1d4b\" data-element_type=\"widget\" data-widget_type=\"text-editor.default\">\n\t\t\t\t\t\t\t\t\t<p>You can also press<\/p><p>the button below to call us<\/p>\t\t\t\t\t\t\t\t<\/div>\n\t\t\t\t<div class=\"elementor-element elementor-element-9c9c23d elementor-widget elementor-widget-button\" data-id=\"9c9c23d\" data-element_type=\"widget\" title=\"Llamar por tel\u00e9fono al 609 459 802\" data-widget_type=\"button.default\">\n\t\t\t\t\t\t\t\t\t\t<a class=\"elementor-button elementor-button-link elementor-size-sm\" href=\"tel:609%20459%20802\">\n\t\t\t\t\t\t<span class=\"elementor-button-content-wrapper\">\n\t\t\t\t\t\t<span class=\"elementor-button-icon\">\n\t\t\t\t<svg aria-hidden=\"true\" class=\"e-font-icon-svg e-fas-phone-alt\" viewbox=\"0 0 512 512\" xmlns=\"http:\/\/www.w3.org\/2000\/svg\"><path d=\"M497.39 361.8l-112-48a24 24 0 0 0-28 6.9l-49.6 60.6A370.66 370.66 0 0 1 130.6 204.11l60.6-49.6a23.94 23.94 0 0 0 6.9-28l-48-112A24.16 24.16 0 0 0 122.6.61l-104 24A24 24 0 0 0 0 48c0 256.5 207.9 464 464 464a24 24 0 0 0 23.4-18.6l24-104a24.29 24.29 0 0 0-14.01-27.6z\"><\/path><\/svg>\t\t\t<\/span>\n\t\t\t\t\t\t\t\t\t<span class=\"elementor-button-text\">Call a taxi<\/span>\n\t\t\t\t\t<\/span>\n\t\t\t\t\t<\/a>\n\t\t\t\t\t\t\t\t<\/div>\n\t\t\t\t<\/div>\n\t\t<div class=\"elementor-element elementor-element-b75f1cf e-con-full e-flex e-con e-child\" data-id=\"b75f1cf\" data-element_type=\"container\" data-settings=\"{&quot;background_background&quot;:&quot;classic&quot;}\">\n\t\t\t\t<div class=\"elementor-element elementor-element-76ae1de elementor-widget elementor-widget-text-editor\" data-id=\"76ae1de\" data-element_type=\"widget\" data-widget_type=\"text-editor.default\">\n\t\t\t\t\t\t\t\t\t<p>At Taxi Gama, we offer a professional taxi service in Guardo (Palencia), offering complete comfort, safety, and discretion.<\/p><p>We have a modern fleet<br \/>and professional drivers to ensure an unparalleled travel experience.<\/p>\t\t\t\t\t\t\t\t<\/div>\n\t\t\t\t<\/div>\n\t\t\t\t\t<\/div>\n\t\t\t\t<\/div>\n\t\t<div class=\"elementor-element elementor-element-e404ab2 e-flex e-con-boxed e-con e-parent\" data-id=\"e404ab2\" data-element_type=\"container\" data-settings=\"{&quot;background_background&quot;:&quot;classic&quot;}\">\n\t\t\t\t\t<div class=\"e-con-inner\">\n\t\t<div class=\"elementor-element elementor-element-6ed6c5d e-con-full e-flex e-con e-child\" data-id=\"6ed6c5d\" data-element_type=\"container\">\n\t\t\t\t<div class=\"elementor-element elementor-element-e35cf30 elementor-widget elementor-widget-heading\" data-id=\"e35cf30\" data-element_type=\"widget\" title=\"Servicio de taxi\" data-widget_type=\"heading.default\">\n\t\t\t\t\t<h2 class=\"elementor-heading-title elementor-size-default\">Taxi and car service with the highest quality<\/h2>\t\t\t\t<\/div>\n\t\t\t\t<div class=\"elementor-element elementor-element-5ec2ce8 elementor-position-left elementor-mobile-position-left elementor-view-default elementor-widget elementor-widget-icon-box\" data-id=\"5ec2ce8\" data-element_type=\"widget\" data-widget_type=\"icon-box.default\">\n\t\t\t\t\t\t\t<div class=\"elementor-icon-box-wrapper\">\n\n\t\t\t\t\t\t<div class=\"elementor-icon-box-icon\">\n\t\t\t\t<span  class=\"elementor-icon\">\n\t\t\t\t<svg aria-hidden=\"true\" class=\"e-font-icon-svg e-fas-square-full\" viewbox=\"0 0 512 512\" xmlns=\"http:\/\/www.w3.org\/2000\/svg\"><path d=\"M512 512H0V0h512v512z\"><\/path><\/svg>\t\t\t\t<\/span>\n\t\t\t<\/div>\n\t\t\t\n\t\t\t\t\t\t<div class=\"elementor-icon-box-content\">\n\n\t\t\t\t\n\t\t\t\t\t\t\t\t\t<p class=\"elementor-icon-box-description\">\n\t\t\t\t\t\t<b>New 9 and 7-seater vehicles<\/b> ideal for individual or group trips\t\t\t\t\t<\/p>\n\t\t\t\t\n\t\t\t<\/div>\n\t\t\t\n\t\t<\/div>\n\t\t\t\t\t\t<\/div>\n\t\t\t\t<div class=\"elementor-element elementor-element-841fcaf elementor-position-left elementor-mobile-position-left elementor-view-default elementor-widget elementor-widget-icon-box\" data-id=\"841fcaf\" data-element_type=\"widget\" data-widget_type=\"icon-box.default\">\n\t\t\t\t\t\t\t<div class=\"elementor-icon-box-wrapper\">\n\n\t\t\t\t\t\t<div class=\"elementor-icon-box-icon\">\n\t\t\t\t<span  class=\"elementor-icon\">\n\t\t\t\t<svg aria-hidden=\"true\" class=\"e-font-icon-svg e-fas-square-full\" viewbox=\"0 0 512 512\" xmlns=\"http:\/\/www.w3.org\/2000\/svg\"><path d=\"M512 512H0V0h512v512z\"><\/path><\/svg>\t\t\t\t<\/span>\n\t\t\t<\/div>\n\t\t\t\n\t\t\t\t\t\t<div class=\"elementor-icon-box-content\">\n\n\t\t\t\t\n\t\t\t\t\t\t\t\t\t<p class=\"elementor-icon-box-description\">\n\t\t\t\t\t\t<b>Professional drivers<\/b> with extensive experience in passenger transport\t\t\t\t\t<\/p>\n\t\t\t\t\n\t\t\t<\/div>\n\t\t\t\n\t\t<\/div>\n\t\t\t\t\t\t<\/div>\n\t\t\t\t<div class=\"elementor-element elementor-element-6d9eb0a elementor-position-left elementor-mobile-position-left elementor-view-default elementor-widget elementor-widget-icon-box\" data-id=\"6d9eb0a\" data-element_type=\"widget\" data-widget_type=\"icon-box.default\">\n\t\t\t\t\t\t\t<div class=\"elementor-icon-box-wrapper\">\n\n\t\t\t\t\t\t<div class=\"elementor-icon-box-icon\">\n\t\t\t\t<span  class=\"elementor-icon\">\n\t\t\t\t<svg aria-hidden=\"true\" class=\"e-font-icon-svg e-fas-square-full\" viewbox=\"0 0 512 512\" xmlns=\"http:\/\/www.w3.org\/2000\/svg\"><path d=\"M512 512H0V0h512v512z\"><\/path><\/svg>\t\t\t\t<\/span>\n\t\t\t<\/div>\n\t\t\t\n\t\t\t\t\t\t<div class=\"elementor-icon-box-content\">\n\n\t\t\t\t\n\t\t\t\t\t\t\t\t\t<p class=\"elementor-icon-box-description\">\n\t\t\t\t\t\t<b>Availability by appointment<\/b><br>\nfor a more personalized service\t\t\t\t\t<\/p>\n\t\t\t\t\n\t\t\t<\/div>\n\t\t\t\n\t\t<\/div>\n\t\t\t\t\t\t<\/div>\n\t\t\t\t<div class=\"elementor-element elementor-element-0fe351a elementor-position-left elementor-mobile-position-left elementor-view-default elementor-widget elementor-widget-icon-box\" data-id=\"0fe351a\" data-element_type=\"widget\" data-widget_type=\"icon-box.default\">\n\t\t\t\t\t\t\t<div class=\"elementor-icon-box-wrapper\">\n\n\t\t\t\t\t\t<div class=\"elementor-icon-box-icon\">\n\t\t\t\t<span  class=\"elementor-icon\">\n\t\t\t\t<svg aria-hidden=\"true\" class=\"e-font-icon-svg e-fas-square-full\" viewbox=\"0 0 512 512\" xmlns=\"http:\/\/www.w3.org\/2000\/svg\"><path d=\"M512 512H0V0h512v512z\"><\/path><\/svg>\t\t\t\t<\/span>\n\t\t\t<\/div>\n\t\t\t\n\t\t\t\t\t\t<div class=\"elementor-icon-box-content\">\n\n\t\t\t\t\n\t\t\t\t\t\t\t\t\t<p class=\"elementor-icon-box-description\">\n\t\t\t\t\t\t<b>Discreet and secure transportation<\/b> adapted to every need\t\t\t\t\t<\/p>\n\t\t\t\t\n\t\t\t<\/div>\n\t\t\t\n\t\t<\/div>\n\t\t\t\t\t\t<\/div>\n\t\t\t\t<\/div>\n\t\t<div class=\"elementor-element elementor-element-0958a70 e-con-full e-flex e-con e-child\" data-id=\"0958a70\" data-element_type=\"container\">\n\t\t\t\t<div class=\"elementor-element elementor-element-13fa416 elementor-widget elementor-widget-image\" data-id=\"13fa416\" data-element_type=\"widget\" aria-label=\"Logotipo de Taxi Gama\" data-widget_type=\"image.default\">\n\t\t\t\t\t\t\t\t\t\t\t\t\t\t\t<img fetchpriority=\"high\" decoding=\"async\" width=\"800\" height=\"534\" src=\"https:\/\/taxigama.com\/wp-content\/uploads\/2025\/03\/taxi-gama-1024x683.png\" class=\"attachment-large size-large wp-image-39\" alt=\"Logo de Tax Gama\" srcset=\"https:\/\/taxigama.com\/wp-content\/uploads\/2025\/03\/taxi-gama-1024x683.png 1024w, https:\/\/taxigama.com\/wp-content\/uploads\/2025\/03\/taxi-gama-300x200.png 300w, https:\/\/taxigama.com\/wp-content\/uploads\/2025\/03\/taxi-gama-768x512.png 768w, https:\/\/taxigama.com\/wp-content\/uploads\/2025\/03\/taxi-gama-1536x1024.png 1536w, https:\/\/taxigama.com\/wp-content\/uploads\/2025\/03\/taxi-gama-2048x1366.png 2048w\" sizes=\"(max-width: 800px) 100vw, 800px\" \/>\t\t\t\t\t\t\t\t\t\t\t\t\t\t\t<\/div>\n\t\t\t\t<\/div>\n\t\t\t\t\t<\/div>\n\t\t\t\t<\/div>\n\t\t<div class=\"elementor-element elementor-element-f378d59 e-flex e-con-boxed e-con e-parent\" data-id=\"f378d59\" data-element_type=\"container\" data-settings=\"{&quot;background_background&quot;:&quot;classic&quot;}\">\n\t\t\t\t\t<div class=\"e-con-inner\">\n\t\t\t\t<div class=\"elementor-element elementor-element-d6f884d elementor-widget elementor-widget-spacer\" data-id=\"d6f884d\" data-element_type=\"widget\" data-widget_type=\"spacer.default\">\n\t\t\t\t\t\t\t<div class=\"elementor-spacer\">\n\t\t\t<div class=\"elementor-spacer-inner\"><\/div>\n\t\t<\/div>\n\t\t\t\t\t\t<\/div>\n\t\t\t\t\t<\/div>\n\t\t\t\t<\/div>\n\t\t<div class=\"elementor-element elementor-element-147349f e-flex e-con-boxed e-con e-parent\" data-id=\"147349f\" data-element_type=\"container\" data-settings=\"{&quot;background_background&quot;:&quot;classic&quot;}\">\n\t\t\t\t\t<div class=\"e-con-inner\">\n\t\t\t\t<div class=\"elementor-element elementor-element-bc3ac67 elementor-widget__width-initial elementor-widget elementor-widget-image\" data-id=\"bc3ac67\" data-element_type=\"widget\" data-widget_type=\"image.default\">\n\t\t\t\t\t\t\t\t\t\t\t\t\t\t\t<img decoding=\"async\" width=\"572\" height=\"1024\" src=\"https:\/\/taxigama.com\/wp-content\/uploads\/2025\/03\/ilustracion1-572x1024.png\" class=\"attachment-large size-large wp-image-61\" alt=\"Ilustraci\u00f3n de mujer\" srcset=\"https:\/\/taxigama.com\/wp-content\/uploads\/2025\/03\/ilustracion1-572x1024.png 572w, https:\/\/taxigama.com\/wp-content\/uploads\/2025\/03\/ilustracion1-168x300.png 168w, https:\/\/taxigama.com\/wp-content\/uploads\/2025\/03\/ilustracion1.png 710w\" sizes=\"(max-width: 572px) 100vw, 572px\" \/>\t\t\t\t\t\t\t\t\t\t\t\t\t\t\t<\/div>\n\t\t<div class=\"elementor-element elementor-element-aa819b6 e-con-full e-flex e-con e-child\" data-id=\"aa819b6\" data-element_type=\"container\">\n\t\t\t\t<div class=\"elementor-element elementor-element-e78823f elementor-widget elementor-widget-heading\" data-id=\"e78823f\" data-element_type=\"widget\" data-widget_type=\"heading.default\">\n\t\t\t\t\t<h2 class=\"elementor-heading-title elementor-size-default\">Book your taxi in Guardo (Palencia)<\/h2>\t\t\t\t<\/div>\n\t\t\t\t<div class=\"elementor-element elementor-element-1b31551 elementor-widget__width-initial elementor-widget elementor-widget-text-editor\" data-id=\"1b31551\" data-element_type=\"widget\" data-widget_type=\"text-editor.default\">\n\t\t\t\t\t\t\t\t\t<p>Plan your trip with Taxi Gama and enjoy efficient and safe service.<\/p>\t\t\t\t\t\t\t\t<\/div>\n\t\t<div class=\"elementor-element elementor-element-75d028e e-con-full e-flex e-con e-child\" data-id=\"75d028e\" data-element_type=\"container\">\n\t\t\t\t<div class=\"elementor-element elementor-element-eff098d elementor-tablet-align-justify elementor-widget elementor-widget-button\" data-id=\"eff098d\" data-element_type=\"widget\" title=\"Bot\u00f3n para llamar directamente al tel\u00e9fono 609459802\" data-widget_type=\"button.default\">\n\t\t\t\t\t\t\t\t\t\t<a class=\"elementor-button elementor-button-link elementor-size-sm\" href=\"tel:609%20459%20802\">\n\t\t\t\t\t\t<span class=\"elementor-button-content-wrapper\">\n\t\t\t\t\t\t<span class=\"elementor-button-icon\">\n\t\t\t\t<svg aria-hidden=\"true\" class=\"e-font-icon-svg e-fas-phone-alt\" viewbox=\"0 0 512 512\" xmlns=\"http:\/\/www.w3.org\/2000\/svg\"><path d=\"M497.39 361.8l-112-48a24 24 0 0 0-28 6.9l-49.6 60.6A370.66 370.66 0 0 1 130.6 204.11l60.6-49.6a23.94 23.94 0 0 0 6.9-28l-48-112A24.16 24.16 0 0 0 122.6.61l-104 24A24 24 0 0 0 0 48c0 256.5 207.9 464 464 464a24 24 0 0 0 23.4-18.6l24-104a24.29 24.29 0 0 0-14.01-27.6z\"><\/path><\/svg>\t\t\t<\/span>\n\t\t\t\t\t\t\t\t\t<span class=\"elementor-button-text\">609 459 802<\/span>\n\t\t\t\t\t<\/span>\n\t\t\t\t\t<\/a>\n\t\t\t\t\t\t\t\t<\/div>\n\t\t\t\t<div class=\"elementor-element elementor-element-015884f elementor-widget elementor-widget-button\" data-id=\"015884f\" data-element_type=\"widget\" title=\"Bot\u00f3n para contactar por WhatsApp directamente al tel\u00e9fono 609459802\" data-widget_type=\"button.default\">\n\t\t\t\t\t\t\t\t\t\t<a class=\"elementor-button elementor-button-link elementor-size-sm\" href=\"https:\/\/api.whatsapp.com\/send\/?phone=34609459802&#038;text&#038;type=phone_number&#038;app_absent=0\">\n\t\t\t\t\t\t<span class=\"elementor-button-content-wrapper\">\n\t\t\t\t\t\t<span class=\"elementor-button-icon\">\n\t\t\t\t<svg aria-hidden=\"true\" class=\"e-font-icon-svg e-fab-whatsapp\" viewbox=\"0 0 448 512\" xmlns=\"http:\/\/www.w3.org\/2000\/svg\"><path d=\"M380.9 97.1C339 55.1 283.2 32 223.9 32c-122.4 0-222 99.6-222 222 0 39.1 10.2 77.3 29.6 111L0 480l117.7-30.9c32.4 17.7 68.9 27 106.1 27h.1c122.3 0 224.1-99.6 224.1-222 0-59.3-25.2-115-67.1-157zm-157 341.6c-33.2 0-65.7-8.9-94-25.7l-6.7-4-69.8 18.3L72 359.2l-4.4-7c-18.5-29.4-28.2-63.3-28.2-98.2 0-101.7 82.8-184.5 184.6-184.5 49.3 0 95.6 19.2 130.4 54.1 34.8 34.9 56.2 81.2 56.1 130.5 0 101.8-84.9 184.6-186.6 184.6zm101.2-138.2c-5.5-2.8-32.8-16.2-37.9-18-5.1-1.9-8.8-2.8-12.5 2.8-3.7 5.6-14.3 18-17.6 21.8-3.2 3.7-6.5 4.2-12 1.4-32.6-16.3-54-29.1-75.5-66-5.7-9.8 5.7-9.1 16.3-30.3 1.8-3.7.9-6.9-.5-9.7-1.4-2.8-12.5-30.1-17.1-41.2-4.5-10.8-9.1-9.3-12.5-9.5-3.2-.2-6.9-.2-10.6-.2-3.7 0-9.7 1.4-14.8 6.9-5.1 5.6-19.4 19-19.4 46.3 0 27.3 19.9 53.7 22.6 57.4 2.8 3.7 39.1 59.7 94.8 83.8 35.2 15.2 49 16.5 66.6 13.9 10.7-1.6 32.8-13.4 37.4-26.4 4.6-13 4.6-24.1 3.2-26.4-1.3-2.5-5-3.9-10.5-6.6z\"><\/path><\/svg>\t\t\t<\/span>\n\t\t\t\t\t\t\t\t\t<span class=\"elementor-button-text\">609 459 802<\/span>\n\t\t\t\t\t<\/span>\n\t\t\t\t\t<\/a>\n\t\t\t\t\t\t\t\t<\/div>\n\t\t\t\t<\/div>\n\t\t\t\t<\/div>\n\t\t\t\t<div class=\"elementor-element elementor-element-c5b13b8 elementor-widget__width-initial elementor-hidden-mobile elementor-widget elementor-widget-image\" data-id=\"c5b13b8\" data-element_type=\"widget\" data-widget_type=\"image.default\">\n\t\t\t\t\t\t\t\t\t\t\t\t\t\t\t<img decoding=\"async\" width=\"572\" height=\"1024\" src=\"https:\/\/taxigama.com\/wp-content\/uploads\/2025\/03\/ilustracion2-572x1024.png\" class=\"attachment-large size-large wp-image-60\" alt=\"Ilustraci\u00f3n de hombre\" srcset=\"https:\/\/taxigama.com\/wp-content\/uploads\/2025\/03\/ilustracion2-572x1024.png 572w, https:\/\/taxigama.com\/wp-content\/uploads\/2025\/03\/ilustracion2-168x300.png 168w, https:\/\/taxigama.com\/wp-content\/uploads\/2025\/03\/ilustracion2.png 710w\" sizes=\"(max-width: 572px) 100vw, 572px\" \/>\t\t\t\t\t\t\t\t\t\t\t\t\t\t\t<\/div>\n\t\t\t\t\t<\/div>\n\t\t\t\t<\/div>\n\t\t\t\t<\/div>","protected":false},"excerpt":{"rendered":"<p>Servicio de Taxi y Ch\u00f3fer en Guardo y alrededores Ll\u00e1manos 609 459 802 Tambi\u00e9n puedes pulsar el bot\u00f3n de abajo para llamarnos Llamar taxi En Taxi Gama ofrecemos un servicio de taxi profesional en Guardo (Palencia), con total comodidad, seguridad y discreci\u00f3n. Contamos con una flota modernay ch\u00f3feres profesionales para garantizar una experiencia de viaje [&hellip;]<\/p>","protected":false},"author":1,"featured_media":0,"parent":0,"menu_order":0,"comment_status":"closed","ping_status":"closed","template":"","meta":{"_joinchat":[],"footnotes":""},"class_list":["post-15","page","type-page","status-publish","hentry"],"yoast_head":"<!-- This site is optimized with the Yoast SEO plugin v26.0 - https:\/\/yoast.com\/wordpress\/plugins\/seo\/ -->\n<title>Taxi Gama<\/title>\n<meta name=\"description\" content=\"Servicio de taxi y ch\u00f3fer en Guardo y alrededores. En Taxi Gama ofrecemos un servicio de taxi profesional en Guardo (Palencia), con total comodidad, seguridad y discreci\u00f3n.\" \/>\n<meta name=\"robots\" content=\"index, follow, max-snippet:-1, max-image-preview:large, max-video-preview:-1\" \/>\n<link rel=\"canonical\" href=\"https:\/\/taxigama.com\/en\/\" \/>\n<meta property=\"og:locale\" content=\"en_GB\" \/>\n<meta property=\"og:type\" content=\"article\" \/>\n<meta property=\"og:title\" content=\"Taxi Gama\" \/>\n<meta property=\"og:description\" content=\"Servicio de taxi y ch\u00f3fer en Guardo y alrededores. En Taxi Gama ofrecemos un servicio de taxi profesional en Guardo (Palencia), con total comodidad, seguridad y discreci\u00f3n.\" \/>\n<meta property=\"og:url\" content=\"https:\/\/taxigama.com\/en\/\" \/>\n<meta property=\"og:site_name\" content=\"Taxi Jos\u00e9 Gama Luis\" \/>\n<meta property=\"article:publisher\" content=\"https:\/\/www.facebook.com\/people\/Taxi-Gama\/pfbid0MHq4fd3YJtcU7rNUoc4WPRoeL4gieEsWAPpce9geeA3mDPntDgjghamd7Zq3fRwHl\/?ref=xav_ig_profile_web\" \/>\n<meta property=\"article:modified_time\" content=\"2025-09-26T13:33:01+00:00\" \/>\n<meta property=\"og:image\" content=\"https:\/\/taxigama.com\/wp-content\/uploads\/2025\/03\/taxi-gama.png\" \/>\n\t<meta property=\"og:image:width\" content=\"2500\" \/>\n\t<meta property=\"og:image:height\" content=\"1667\" \/>\n\t<meta property=\"og:image:type\" content=\"image\/png\" \/>\n<meta name=\"twitter:card\" content=\"summary_large_image\" \/>\n<meta name=\"twitter:label1\" content=\"Estimated reading time\" \/>\n\t<meta name=\"twitter:data1\" content=\"1 minute\" \/>\n<script type=\"application\/ld+json\" class=\"yoast-schema-graph\">{\"@context\":\"https:\/\/schema.org\",\"@graph\":[{\"@type\":\"WebPage\",\"@id\":\"https:\/\/taxigama.com\/\",\"url\":\"https:\/\/taxigama.com\/\",\"name\":\"Taxi Gama\",\"isPartOf\":{\"@id\":\"https:\/\/taxigama.com\/#website\"},\"primaryImageOfPage\":{\"@id\":\"https:\/\/taxigama.com\/#primaryimage\"},\"image\":{\"@id\":\"https:\/\/taxigama.com\/#primaryimage\"},\"thumbnailUrl\":\"https:\/\/taxigama.com\/wp-content\/uploads\/2025\/03\/taxi-gama-1024x683.png\",\"datePublished\":\"2025-03-12T11:36:30+00:00\",\"dateModified\":\"2025-09-26T13:33:01+00:00\",\"description\":\"Servicio de taxi y ch\u00f3fer en Guardo y alrededores. En Taxi Gama ofrecemos un servicio de taxi profesional en Guardo (Palencia), con total comodidad, seguridad y discreci\u00f3n.\",\"breadcrumb\":{\"@id\":\"https:\/\/taxigama.com\/#breadcrumb\"},\"inLanguage\":\"en-GB\",\"potentialAction\":[{\"@type\":\"ReadAction\",\"target\":[\"https:\/\/taxigama.com\/\"]}]},{\"@type\":\"ImageObject\",\"inLanguage\":\"en-GB\",\"@id\":\"https:\/\/taxigama.com\/#primaryimage\",\"url\":\"https:\/\/taxigama.com\/wp-content\/uploads\/2025\/03\/taxi-gama-1024x683.png\",\"contentUrl\":\"https:\/\/taxigama.com\/wp-content\/uploads\/2025\/03\/taxi-gama-1024x683.png\"},{\"@type\":\"BreadcrumbList\",\"@id\":\"https:\/\/taxigama.com\/#breadcrumb\",\"itemListElement\":[{\"@type\":\"ListItem\",\"position\":1,\"name\":\"Portada\",\"item\":\"https:\/\/taxigama.com\/\"},{\"@type\":\"ListItem\",\"position\":2,\"name\":\"Inicio\"}]},{\"@type\":\"WebSite\",\"@id\":\"https:\/\/taxigama.com\/#website\",\"url\":\"https:\/\/taxigama.com\/\",\"name\":\"Taxi Jos\u00e9 Gama Luis\",\"description\":\"Taxi Palencia\",\"publisher\":{\"@id\":\"https:\/\/taxigama.com\/#organization\"},\"potentialAction\":[{\"@type\":\"SearchAction\",\"target\":{\"@type\":\"EntryPoint\",\"urlTemplate\":\"https:\/\/taxigama.com\/?s={search_term_string}\"},\"query-input\":{\"@type\":\"PropertyValueSpecification\",\"valueRequired\":true,\"valueName\":\"search_term_string\"}}],\"inLanguage\":\"en-GB\"},{\"@type\":\"Organization\",\"@id\":\"https:\/\/taxigama.com\/#organization\",\"name\":\"Taxi Jos\u00e9 Gama Luis\",\"url\":\"https:\/\/taxigama.com\/\",\"logo\":{\"@type\":\"ImageObject\",\"inLanguage\":\"en-GB\",\"@id\":\"https:\/\/taxigama.com\/#\/schema\/logo\/image\/\",\"url\":\"https:\/\/taxigama.com\/wp-content\/uploads\/2025\/03\/taxi-gama.png\",\"contentUrl\":\"https:\/\/taxigama.com\/wp-content\/uploads\/2025\/03\/taxi-gama.png\",\"width\":2500,\"height\":1667,\"caption\":\"Taxi Jos\u00e9 Gama Luis\"},\"image\":{\"@id\":\"https:\/\/taxigama.com\/#\/schema\/logo\/image\/\"},\"sameAs\":[\"https:\/\/www.facebook.com\/people\/Taxi-Gama\/pfbid0MHq4fd3YJtcU7rNUoc4WPRoeL4gieEsWAPpce9geeA3mDPntDgjghamd7Zq3fRwHl\/?ref=xav_ig_profile_web\",\"https:\/\/api.whatsapp.com\/send\/?phone=34609459802&text&type=phone_number&app_absent=0\",\"https:\/\/www.instagram.com\/taxigama9\/\",\"https:\/\/www.tiktok.com\/@taxigamaguardo\"]}]}<\/script>\n<!-- \/ Yoast SEO plugin. -->","yoast_head_json":{"title":"Gama Taxi","description":"Servicio de taxi y ch\u00f3fer en Guardo y alrededores. En Taxi Gama ofrecemos un servicio de taxi profesional en Guardo (Palencia), con total comodidad, seguridad y discreci\u00f3n.","robots":{"index":"index","follow":"follow","max-snippet":"max-snippet:-1","max-image-preview":"max-image-preview:large","max-video-preview":"max-video-preview:-1"},"canonical":"https:\/\/taxigama.com\/en\/","og_locale":"en_GB","og_type":"article","og_title":"Taxi Gama","og_description":"Servicio de taxi y ch\u00f3fer en Guardo y alrededores. En Taxi Gama ofrecemos un servicio de taxi profesional en Guardo (Palencia), con total comodidad, seguridad y discreci\u00f3n.","og_url":"https:\/\/taxigama.com\/en\/","og_site_name":"Taxi Jos\u00e9 Gama Luis","article_publisher":"https:\/\/www.facebook.com\/people\/Taxi-Gama\/pfbid0MHq4fd3YJtcU7rNUoc4WPRoeL4gieEsWAPpce9geeA3mDPntDgjghamd7Zq3fRwHl\/?ref=xav_ig_profile_web","article_modified_time":"2025-09-26T13:33:01+00:00","og_image":[{"width":2500,"height":1667,"url":"https:\/\/taxigama.com\/wp-content\/uploads\/2025\/03\/taxi-gama.png","type":"image\/png"}],"twitter_card":"summary_large_image","twitter_misc":{"Estimated reading time":"1 minute"},"schema":{"@context":"https:\/\/schema.org","@graph":[{"@type":"WebPage","@id":"https:\/\/taxigama.com\/","url":"https:\/\/taxigama.com\/","name":"Gama Taxi","isPartOf":{"@id":"https:\/\/taxigama.com\/#website"},"primaryImageOfPage":{"@id":"https:\/\/taxigama.com\/#primaryimage"},"image":{"@id":"https:\/\/taxigama.com\/#primaryimage"},"thumbnailUrl":"https:\/\/taxigama.com\/wp-content\/uploads\/2025\/03\/taxi-gama-1024x683.png","datePublished":"2025-03-12T11:36:30+00:00","dateModified":"2025-09-26T13:33:01+00:00","description":"Servicio de taxi y ch\u00f3fer en Guardo y alrededores. En Taxi Gama ofrecemos un servicio de taxi profesional en Guardo (Palencia), con total comodidad, seguridad y discreci\u00f3n.","breadcrumb":{"@id":"https:\/\/taxigama.com\/#breadcrumb"},"inLanguage":"en-GB","potentialAction":[{"@type":"ReadAction","target":["https:\/\/taxigama.com\/"]}]},{"@type":"ImageObject","inLanguage":"en-GB","@id":"https:\/\/taxigama.com\/#primaryimage","url":"https:\/\/taxigama.com\/wp-content\/uploads\/2025\/03\/taxi-gama-1024x683.png","contentUrl":"https:\/\/taxigama.com\/wp-content\/uploads\/2025\/03\/taxi-gama-1024x683.png"},{"@type":"BreadcrumbList","@id":"https:\/\/taxigama.com\/#breadcrumb","itemListElement":[{"@type":"ListItem","position":1,"name":"Portada","item":"https:\/\/taxigama.com\/"},{"@type":"ListItem","position":2,"name":"Inicio"}]},{"@type":"WebSite","@id":"https:\/\/taxigama.com\/#website","url":"https:\/\/taxigama.com\/","name":"Taxi Jos\u00e9 Gama Luis","description":"Taxi Palencia","publisher":{"@id":"https:\/\/taxigama.com\/#organization"},"potentialAction":[{"@type":"SearchAction","target":{"@type":"EntryPoint","urlTemplate":"https:\/\/taxigama.com\/?s={search_term_string}"},"query-input":{"@type":"PropertyValueSpecification","valueRequired":true,"valueName":"search_term_string"}}],"inLanguage":"en-GB"},{"@type":"Organization","@id":"https:\/\/taxigama.com\/#organization","name":"Taxi Jos\u00e9 Gama Luis","url":"https:\/\/taxigama.com\/","logo":{"@type":"ImageObject","inLanguage":"en-GB","@id":"https:\/\/taxigama.com\/#\/schema\/logo\/image\/","url":"https:\/\/taxigama.com\/wp-content\/uploads\/2025\/03\/taxi-gama.png","contentUrl":"https:\/\/taxigama.com\/wp-content\/uploads\/2025\/03\/taxi-gama.png","width":2500,"height":1667,"caption":"Taxi Jos\u00e9 Gama Luis"},"image":{"@id":"https:\/\/taxigama.com\/#\/schema\/logo\/image\/"},"sameAs":["https:\/\/www.facebook.com\/people\/Taxi-Gama\/pfbid0MHq4fd3YJtcU7rNUoc4WPRoeL4gieEsWAPpce9geeA3mDPntDgjghamd7Zq3fRwHl\/?ref=xav_ig_profile_web","https:\/\/api.whatsapp.com\/send\/?phone=34609459802&text&type=phone_number&app_absent=0","https:\/\/www.instagram.com\/taxigama9\/","https:\/\/www.tiktok.com\/@taxigamaguardo"]}]}},"_links":{"self":[{"href":"https:\/\/taxigama.com\/en\/wp-json\/wp\/v2\/pages\/15","targetHints":{"allow":["GET"]}}],"collection":[{"href":"https:\/\/taxigama.com\/en\/wp-json\/wp\/v2\/pages"}],"about":[{"href":"https:\/\/taxigama.com\/en\/wp-json\/wp\/v2\/types\/page"}],"author":[{"embeddable":true,"href":"https:\/\/taxigama.com\/en\/wp-json\/wp\/v2\/users\/1"}],"replies":[{"embeddable":true,"href":"https:\/\/taxigama.com\/en\/wp-json\/wp\/v2\/comments?post=15"}],"version-history":[{"count":2,"href":"https:\/\/taxigama.com\/en\/wp-json\/wp\/v2\/pages\/15\/revisions"}],"predecessor-version":[{"id":256,"href":"https:\/\/taxigama.com\/en\/wp-json\/wp\/v2\/pages\/15\/revisions\/256"}],"wp:attachment":[{"href":"https:\/\/taxigama.com\/en\/wp-json\/wp\/v2\/media?parent=15"}],"curies":[{"name":"wp","href":"https:\/\/api.w.org\/{rel}","templated":true}]}}